{"id":1678,"date":"2022-11-22T10:07:25","date_gmt":"2022-11-22T10:07:25","guid":{"rendered":"https:\/\/www.ignmoskee.nl\/?page_id=1678"},"modified":"2024-03-09T23:57:03","modified_gmt":"2024-03-09T23:57:03","slug":"organisatie","status":"publish","type":"page","link":"https:\/\/ignmoskee.nl\/home\/over-ons\/organisatie\/","title":{"rendered":"Organisatie"},"content":{"rendered":"\t\t<div data-elementor-type=\"wp-page\" data-elementor-id=\"1678\" class=\"elementor elementor-1678\" data-elementor-post-type=\"page\">\n\t\t\t\t\t\t<section class=\"elementor-section elementor-top-section elementor-element elementor-element-0de163b elementor-section-stretched elementor-section-boxed elementor-section-height-default elementor-section-height-default\" data-id=\"0de163b\" data-element_type=\"section\" data-settings=\"{&quot;background_background&quot;:&quot;classic&quot;,&quot;stretch_section&quot;:&quot;section-stretched&quot;}\">\n\t\t\t\t\t\t\t<div class=\"elementor-background-overlay\"><\/div>\n\t\t\t\t\t\t\t<div class=\"elementor-container elementor-column-gap-no\">\n\t\t\t\t\t<div class=\"elementor-column elementor-col-100 elementor-top-column elementor-element elementor-element-f4d5e80\" data-id=\"f4d5e80\" data-element_type=\"column\">\n\t\t\t<div class=\"elementor-widget-wrap elementor-element-populated\">\n\t\t\t\t\t\t<div class=\"elementor-element elementor-element-b0d92e9 elementor-widget elementor-widget-heading\" data-id=\"b0d92e9\" data-element_type=\"widget\" data-widget_type=\"heading.default\">\n\t\t\t\t<div class=\"elementor-widget-container\">\n\t\t\t\t\t<h2 class=\"elementor-heading-title elementor-size-default\">Organisatie<\/h2>\t\t\t\t<\/div>\n\t\t\t\t<\/div>\n\t\t\t\t\t<\/div>\n\t\t<\/div>\n\t\t\t\t\t<\/div>\n\t\t<\/section>\n\t\t\t\t<section class=\"elementor-section elementor-top-section elementor-element elementor-element-b91df44 elementor-section-boxed elementor-section-height-default elementor-section-height-default\" data-id=\"b91df44\" data-element_type=\"section\">\n\t\t\t\t\t\t<div class=\"elementor-container elementor-column-gap-default\">\n\t\t\t\t\t<div class=\"elementor-column elementor-col-100 elementor-top-column elementor-element elementor-element-56b4c49\" data-id=\"56b4c49\" data-element_type=\"column\" data-settings=\"{&quot;background_background&quot;:&quot;classic&quot;}\">\n\t\t\t<div class=\"elementor-widget-wrap elementor-element-populated\">\n\t\t\t\t\t\t<section class=\"elementor-section elementor-inner-section elementor-element elementor-element-43e1055 elementor-section-boxed elementor-section-height-default elementor-section-height-default\" data-id=\"43e1055\" data-element_type=\"section\">\n\t\t\t\t\t\t<div class=\"elementor-container elementor-column-gap-default\">\n\t\t\t\t\t<div class=\"elementor-column elementor-col-100 elementor-inner-column elementor-element elementor-element-bdbbd78\" data-id=\"bdbbd78\" data-element_type=\"column\">\n\t\t\t<div class=\"elementor-widget-wrap elementor-element-populated\">\n\t\t\t\t\t\t<div class=\"elementor-element elementor-element-e1a9bc5 elementor-widget elementor-widget-heading\" data-id=\"e1a9bc5\" data-element_type=\"widget\" data-widget_type=\"heading.default\">\n\t\t\t\t<div class=\"elementor-widget-container\">\n\t\t\t\t\t<h2 class=\"elementor-heading-title elementor-size-default\">Geschiedenis<\/h2>\t\t\t\t<\/div>\n\t\t\t\t<\/div>\n\t\t\t\t\t<\/div>\n\t\t<\/div>\n\t\t\t\t\t<\/div>\n\t\t<\/section>\n\t\t\t\t<div class=\"elementor-element elementor-element-6efcd66 elementor-widget-divider--view-line elementor-widget elementor-widget-divider\" data-id=\"6efcd66\" data-element_type=\"widget\" data-widget_type=\"divider.default\">\n\t\t\t\t<div class=\"elementor-widget-container\">\n\t\t\t\t\t\t\t<div class=\"elementor-divider\">\n\t\t\t<span class=\"elementor-divider-separator\">\n\t\t\t\t\t\t<\/span>\n\t\t<\/div>\n\t\t\t\t\t\t<\/div>\n\t\t\t\t<\/div>\n\t\t\t\t<div class=\"elementor-element elementor-element-dd3dd6a elementor-widget elementor-widget-text-editor\" data-id=\"dd3dd6a\" data-element_type=\"widget\" data-widget_type=\"text-editor.default\">\n\t\t\t\t<div class=\"elementor-widget-container\">\n\t\t\t\t\t\t\t\t\t<div class=\"is-layout-flow wp-block-column\"><p>In 1968 is Islamitisch Genootschap Nederland (IGN) Al-Ichlaas opgericht. Het is \u00e9\u00e9n van de oudste moskee\u00ebn van Nederland en heeft een rijke geschiedenis. Van oorsprong is IGN door Surinaamse moslims opgericht die een ruimte wilde waar zij als gemeenschap Allaah konden aanbidden. In de loop der jaren is met de Wil van Allaah de gemeenschap veel diverser geworden en zijn de leden en aanwezigen een mooie afspiegeling van de Nederlandse samenleving. Uiteraard verwelkomt de moskee iedereen ongeacht afkomst of geslacht.<\/p><\/div>\t\t\t\t\t\t\t\t<\/div>\n\t\t\t\t<\/div>\n\t\t\t\t\t<\/div>\n\t\t<\/div>\n\t\t\t\t\t<\/div>\n\t\t<\/section>\n\t\t\t\t<section class=\"elementor-section elementor-top-section elementor-element elementor-element-0409767 elementor-section-boxed elementor-section-height-default elementor-section-height-default\" data-id=\"0409767\" data-element_type=\"section\">\n\t\t\t\t\t\t<div class=\"elementor-container elementor-column-gap-default\">\n\t\t\t\t\t<div class=\"elementor-column elementor-col-100 elementor-top-column elementor-element elementor-element-42dddc7\" data-id=\"42dddc7\" data-element_type=\"column\" data-settings=\"{&quot;background_background&quot;:&quot;classic&quot;}\">\n\t\t\t<div class=\"elementor-widget-wrap elementor-element-populated\">\n\t\t\t\t\t\t<section class=\"elementor-section elementor-inner-section elementor-element elementor-element-e1caa24 elementor-section-boxed elementor-section-height-default elementor-section-height-default\" data-id=\"e1caa24\" data-element_type=\"section\">\n\t\t\t\t\t\t<div class=\"elementor-container elementor-column-gap-default\">\n\t\t\t\t\t<div class=\"elementor-column elementor-col-100 elementor-inner-column elementor-element elementor-element-f75dcca\" data-id=\"f75dcca\" data-element_type=\"column\">\n\t\t\t<div class=\"elementor-widget-wrap elementor-element-populated\">\n\t\t\t\t\t\t<div class=\"elementor-element elementor-element-a0bb736 elementor-widget elementor-widget-heading\" data-id=\"a0bb736\" data-element_type=\"widget\" data-widget_type=\"heading.default\">\n\t\t\t\t<div class=\"elementor-widget-container\">\n\t\t\t\t\t<h2 class=\"elementor-heading-title elementor-size-default\">Aqeedah<\/h2>\t\t\t\t<\/div>\n\t\t\t\t<\/div>\n\t\t\t\t\t<\/div>\n\t\t<\/div>\n\t\t\t\t\t<\/div>\n\t\t<\/section>\n\t\t\t\t<div class=\"elementor-element elementor-element-74d4084 elementor-widget-divider--view-line elementor-widget elementor-widget-divider\" data-id=\"74d4084\" data-element_type=\"widget\" data-widget_type=\"divider.default\">\n\t\t\t\t<div class=\"elementor-widget-container\">\n\t\t\t\t\t\t\t<div class=\"elementor-divider\">\n\t\t\t<span class=\"elementor-divider-separator\">\n\t\t\t\t\t\t<\/span>\n\t\t<\/div>\n\t\t\t\t\t\t<\/div>\n\t\t\t\t<\/div>\n\t\t\t\t<div class=\"elementor-element elementor-element-9645da8 elementor-widget elementor-widget-text-editor\" data-id=\"9645da8\" data-element_type=\"widget\" data-widget_type=\"text-editor.default\">\n\t\t\t\t<div class=\"elementor-widget-container\">\n\t\t\t\t\t\t\t\t\t<p>Moskee Al-Ichlaas is een moskee die zijn leiding haalt uit de Qur\u2019aan en de Soennah van onze geliefde profeet (vzmh). Als moskee geloven wij dat voor elke moslim deze twee bronnen centraal dienen te staan en dat er geen ruimte is binnen de religie voor zaken die een andere grondslag hebben. Allaah is de enige God die het recht heeft om aanbeden te worden en de profeet Mohammed (vzmh) is de laatste boodschapper. Moskee IGN al-Ichlaas neemt dan ook afstand van groepen zoals onder andere de Ahmediyya, Shie\u2019ieten, Madkhalis, Khawaarij, Soefies, en Barelvies en streeft naar het pure monothe\u00efsme (Arabisch: tawhied).<\/p>\t\t\t\t\t\t\t\t<\/div>\n\t\t\t\t<\/div>\n\t\t\t\t\t<\/div>\n\t\t<\/div>\n\t\t\t\t\t<\/div>\n\t\t<\/section>\n\t\t\t\t<\/div>\n\t\t","protected":false},"excerpt":{"rendered":"<p>Organisatie Geschiedenis In 1968 is Islamitisch Genootschap Nederland (IGN) Al-Ichlaas opgericht. Het is \u00e9\u00e9n van de oudste moskee\u00ebn van Nederland en heeft een rijke geschiedenis. Van oorsprong is IGN door Surinaamse moslims opgericht die een ruimte wilde waar zij als gemeenschap Allaah konden aanbidden. In de loop der jaren is met de Wil van Allaah[&hellip;]<\/p>\n","protected":false},"author":1,"featured_media":0,"parent":1646,"menu_order":0,"comment_status":"closed","ping_status":"closed","template":"elementor_header_footer","meta":{"zakra_general_container_width":0,"zakra_general_content_width":0,"zakra_general_sidebar_width":0,"zakra_sticky_header":"customizer","zakra_header_main_area":true,"zakra_site_logo_width":0,"zakra_header_top_enabled":"customizer","zakra_header_top_style":"customizer","zakra_primary_menu_item_style":"customizer","zakra_page_header_text_color":"","zakra_page_header_layout":"customizer","zakra_page_title_bg":"","zakra_footer_widgets_bg_image":0,"zakra_page_title_bg_repeat":"customizer","zakra_page_title_bg_position":"customizer","zakra_page_title_bg_size":"customizer","zakra_page_title_bg_attachment":"customizer","zakra_breadcrumbs_enabled":"customizer","zakra_breadcrumbs_text_color":"","zakra_breadcrumbs_separator_color":"","zakra_breadcrumbs_link_color":"","zakra_breadcrumbs_link_hover_color":"","zakra_page_title_bg_image":0,"zakra_footer_widgets_enabled":"customizer","zakra_footer_column_layout_1_style":"customizer","zakra_footer_widgets_bg":"","zakra_footer_widgets_bg_repeat":"customizer","zakra_footer_widgets_bg_position":"customizer","zakra_footer_widgets_bg_size":"customizer","zakra_footer_widgets_bg_attachment":"customizer","zakra_footer_bar_enabled":"customizer","zakra_footer_bar_style":"customizer","zakra_page_container_layout":"customizer","zakra_page_sidebar_layout":"customizer","zakra_remove_content_margin":false,"zakra_sidebar":"customizer","zakra_transparent_header":"customizer","zakra_logo":0,"zakra_main_header_style":"default","zakra_menu_item_color":"","zakra_menu_item_hover_color":"","zakra_menu_item_active_color":"","zakra_menu_active_style":"","zakra_page_header":true,"footnotes":""},"_links":{"self":[{"href":"https:\/\/ignmoskee.nl\/home\/wp-json\/wp\/v2\/pages\/1678"}],"collection":[{"href":"https:\/\/ignmoskee.nl\/home\/wp-json\/wp\/v2\/pages"}],"about":[{"href":"https:\/\/ignmoskee.nl\/home\/wp-json\/wp\/v2\/types\/page"}],"author":[{"embeddable":true,"href":"https:\/\/ignmoskee.nl\/home\/wp-json\/wp\/v2\/users\/1"}],"replies":[{"embeddable":true,"href":"https:\/\/ignmoskee.nl\/home\/wp-json\/wp\/v2\/comments?post=1678"}],"version-history":[{"count":13,"href":"https:\/\/ignmoskee.nl\/home\/wp-json\/wp\/v2\/pages\/1678\/revisions"}],"predecessor-version":[{"id":2246,"href":"https:\/\/ignmoskee.nl\/home\/wp-json\/wp\/v2\/pages\/1678\/revisions\/2246"}],"up":[{"embeddable":true,"href":"https:\/\/ignmoskee.nl\/home\/wp-json\/wp\/v2\/pages\/1646"}],"wp:attachment":[{"href":"https:\/\/ignmoskee.nl\/home\/wp-json\/wp\/v2\/media?parent=1678"}],"curies":[{"name":"wp","href":"https:\/\/api.w.org\/{rel}","templated":true}]}}